{"id":2,"date":"2020-03-06T23:56:33","date_gmt":"2020-03-06T23:56:33","guid":{"rendered":"https:\/\/dielli-demokristian.at\/de\/?page_id=2"},"modified":"2023-04-07T20:58:13","modified_gmt":"2023-04-07T20:58:13","slug":"home","status":"publish","type":"page","link":"https:\/\/dielli-demokristian.at\/de\/","title":{"rendered":"Home"},"content":{"rendered":"\t\t<div data-elementor-type=\"wp-page\" data-elementor-id=\"2\" class=\"elementor elementor-2\">\n\t\t\t\t\t\t<section class=\"elementor-section elementor-top-section elementor-element elementor-element-8b20133 elementor-section-height-min-height elementor-section-boxed elementor-section-height-default elementor-section-items-middle\" data-id=\"8b20133\" data-element_type=\"section\" data-settings=\"{&quot;background_background&quot;:&quot;classic&quot;}\">\n\t\t\t\t\t\t\t<div class=\"elementor-background-overlay\"><\/div>\n\t\t\t\t\t\t\t<div class=\"elementor-container elementor-column-gap-default\">\n\t\t\t\t\t<div class=\"elementor-column elementor-col-50 elementor-top-column elementor-element elementor-element-0711123\" data-id=\"0711123\" data-element_type=\"column\">\n\t\t\t<div class=\"elementor-widget-wrap elementor-element-populated\">\n\t\t\t\t\t\t<div class=\"elementor-element elementor-element-f79cf8f elementor-widget elementor-widget-image\" data-id=\"f79cf8f\" data-element_type=\"widget\" data-widget_type=\"image.default\">\n\t\t\t\t<div class=\"elementor-widget-container\">\n\t\t\t\t\t\t\t\t\t\t\t\t\t<img decoding=\"async\" src=\"https:\/\/dielli-demokristian.at\/al\/wp-content\/uploads\/2020\/03\/Logo-dielli_1_tn470j88.png\" title=\"\" alt=\"\" loading=\"lazy\" \/>\t\t\t\t\t\t\t\t\t\t\t\t\t<\/div>\n\t\t\t\t<\/div>\n\t\t\t\t<div class=\"elementor-element elementor-element-2bd1fbb elementor-widget elementor-widget-heading\" data-id=\"2bd1fbb\" data-element_type=\"widget\" data-widget_type=\"heading.default\">\n\t\t\t\t<div class=\"elementor-widget-container\">\n\t\t\t<h2 class=\"elementor-heading-title elementor-size-large\">DIE SONNE<\/h2>\t\t<\/div>\n\t\t\t\t<\/div>\n\t\t\t\t<div class=\"elementor-element elementor-element-158a1f9 elementor-widget elementor-widget-text-editor\" data-id=\"158a1f9\" data-element_type=\"widget\" data-widget_type=\"text-editor.default\">\n\t\t\t\t<div class=\"elementor-widget-container\">\n\t\t\t\t\t\t\t<p>Willkommen auf der Website des Informativen Bulletins &#8222;Die Sonne&#8220; aus Wien. F\u00fchlen Sie sich frei, diese Seite zu durchbl\u00e4ttern und wir freuen uns \u00fcber Lob, Kritik, Vorschl\u00e4ge, Ideen oder Kommentare. Die aktuelle Ausgabe unseres Magazins finden Sie unten sowie bei der Rubrik &#8222;Ausgaben&#8220;. Gute Unterhaltung!<\/p>\t\t\t\t\t\t<\/div>\n\t\t\t\t<\/div>\n\t\t\t\t<div class=\"elementor-element elementor-element-080da06 elementor-widget elementor-widget-button\" data-id=\"080da06\" data-element_type=\"widget\" data-widget_type=\"button.default\">\n\t\t\t\t<div class=\"elementor-widget-container\">\n\t\t\t\t\t<div class=\"elementor-button-wrapper\">\n\t\t\t<a class=\"elementor-button elementor-button-link elementor-size-sm\" href=\"https:\/\/dielli-demokristian.at\/de\/index.php\/ausgaben\/\">\n\t\t\t\t\t\t<span class=\"elementor-button-content-wrapper\">\n\t\t\t\t\t\t\t\t\t<span class=\"elementor-button-text\">GEHE ZUR RUBRIK \"AUSGABEN\"<\/span>\n\t\t\t\t\t<\/span>\n\t\t\t\t\t<\/a>\n\t\t<\/div>\n\t\t\t\t<\/div>\n\t\t\t\t<\/div>\n\t\t\t\t\t<\/div>\n\t\t<\/div>\n\t\t\t\t<div class=\"elementor-column elementor-col-50 elementor-top-column elementor-element elementor-element-9490231\" data-id=\"9490231\" data-element_type=\"column\">\n\t\t\t<div class=\"elementor-widget-wrap\">\n\t\t\t\t\t\t\t<\/div>\n\t\t<\/div>\n\t\t\t\t\t<\/div>\n\t\t<\/section>\n\t\t\t\t<section class=\"elementor-section elementor-top-section elementor-element elementor-element-2a9c4f7 elementor-section-boxed elementor-section-height-default elementor-section-height-default\" data-id=\"2a9c4f7\" data-element_type=\"section\">\n\t\t\t\t\t\t<div class=\"elementor-container elementor-column-gap-no\">\n\t\t\t\t\t<div class=\"elementor-column elementor-col-100 elementor-top-column elementor-element elementor-element-ff79b30\" data-id=\"ff79b30\" data-element_type=\"column\">\n\t\t\t<div class=\"elementor-widget-wrap elementor-element-populated\">\n\t\t\t\t\t\t<div class=\"elementor-element elementor-element-0dd347b elementor-widget elementor-widget-heading\" data-id=\"0dd347b\" data-element_type=\"widget\" data-widget_type=\"heading.default\">\n\t\t\t\t<div class=\"elementor-widget-container\">\n\t\t\t<h2 class=\"elementor-heading-title elementor-size-large\">Das Redaktions-Wort\n<\/h2>\t\t<\/div>\n\t\t\t\t<\/div>\n\t\t\t\t<section class=\"elementor-section elementor-inner-section elementor-element elementor-element-734df30 elementor-section-boxed elementor-section-height-default elementor-section-height-default\" data-id=\"734df30\" data-element_type=\"section\" data-settings=\"{&quot;background_background&quot;:&quot;classic&quot;}\">\n\t\t\t\t\t\t<div class=\"elementor-container elementor-column-gap-no\">\n\t\t\t\t\t<div class=\"elementor-column elementor-col-100 elementor-inner-column elementor-element elementor-element-4a50e26\" data-id=\"4a50e26\" data-element_type=\"column\" data-settings=\"{&quot;background_background&quot;:&quot;classic&quot;}\">\n\t\t\t<div class=\"elementor-widget-wrap elementor-element-populated\">\n\t\t\t\t\t\t<div class=\"elementor-element elementor-element-9b883b4 elementor-widget-divider--view-line elementor-widget elementor-widget-divider\" data-id=\"9b883b4\" data-element_type=\"widget\" data-widget_type=\"divider.default\">\n\t\t\t\t<div class=\"elementor-widget-container\">\n\t\t\t\t\t<div class=\"elementor-divider\">\n\t\t\t<span class=\"elementor-divider-separator\">\n\t\t\t\t\t\t<\/span>\n\t\t<\/div>\n\t\t\t\t<\/div>\n\t\t\t\t<\/div>\n\t\t\t\t<div class=\"elementor-element elementor-element-ca65903 elementor-widget elementor-widget-text-editor\" data-id=\"ca65903\" data-element_type=\"widget\" data-widget_type=\"text-editor.default\">\n\t\t\t\t<div class=\"elementor-widget-container\">\n\t\t\t\t\t\t\t<div><span class=\"fs12 cf1\">Liebe LeserInnen,<\/span><\/div><div>\u00a0<\/div><div>\u00a0<\/div><div><span class=\"cf1\"><span class=\"fs12\">die erste Ausgabe der elektronischen Zeitschrift \u201eDie Sonne\u201c wurde im Juni\u00a0<\/span><span class=\"fs12\">des Jahres 2010 ver\u00f6ffentlicht. Seitdem arbeiten WIR \u2013 ein junges Team\u00a0<\/span><span class=\"fs12\">bestehend aus vorwiegend StudentInnen und albanischen AktivistInnen \u2013 daran,\u00a0<\/span><span class=\"fs12\">die \u00d6ffentlichkeit \u00fcber die zahlreichen Aktivit\u00e4ten der albanischen Volksgruppe in\u00a0<\/span><span class=\"fs12\">\u00d6sterreich zu informieren und deren wahren Werte der Kunst und Kultur zu veranschaulichen.<\/span><\/span><\/div><div>\u00a0<\/div><div><span class=\"fs12 cf1\">Alle drei Monate erfolgt eine neue Ausgabe unserer Zeitschrift, welche \u00fcber die Kundgebungen, Veranstaltung und Erfolge vieler albanischer Vereine und Einzelpersonen informiert, die durch ihre vorbildlichen Teilnahmen am gesellschaftlichen, politischen, wirtschaftlichen, k\u00fcnstlerischen und sportlichen Leben in \u00d6sterreich auffallen und uns als albanische Gemeinschaft stolz machen.<\/span><\/div><div>\u00a0<\/div><div><span class=\"fs12 cf1\">Seit 2012 sind wir als kulturell-informativer Verein bei den zust\u00e4ndigen Institutionen mit der ZVR-Zahl 604548200 registriert.<\/span><\/div><div>\u00a0<\/div><div><span class=\"fs12 cf1\">Unsere Zeitschrift wird auf Albanisch und in k\u00fcrzerer Version auch auf Deutsch ver\u00f6ffentlicht.<\/span><\/div><div>\u00a0<\/div><div><span class=\"fs12 cf1\">Die 20. Nummer &#8211; ,,Die Sonne\u201c, welche im M\u00e4rz 2015 erschien, wurde auch in gedruckter Form und kostenfrei an unsere LeserInnen verteilt.<\/span><\/div><div>\u00a0<\/div><div>\u00a0<\/div><div><span class=\"fs12 cf1\">Unsere Zeitschrift wird weltweit an mehr als 2.500 E-Mail-Adressen gesendet, w\u00e4hrend zu unseren LeserInnen ber\u00fchmte Intellektuelle aus \u00d6sterreich, der Schweiz, Deutschland, Belgien, Rum\u00e4nien, Schweden, Gro\u00dfbritannien, den USA, Kanada, Australien, Albanien, Kosovo, Montenegro, Mazedonien etc., z\u00e4hlen. Die gesamten Leistungen, seien sie technisch, organisatorisch oder redaktionell, erfolgen auf freiwilliger Basis und ohne Gegenleistung.<\/span><\/div><div>\u00a0<\/div><div><span class=\"fs12 cf1\">Die Zeitschrift besitzt das eigene Logo, den Stempel und das Bankkonto und verwendet f\u00fcr die Kommunikation mit den LeserInnen die Webseite, die Fanpage auf Facebook und die<\/span><\/div><div><span class=\"fs12 cf1\">E-Mail-Adressen. WIR sind unabh\u00e4ngig und vertreten nicht die Interessen einer politischen Partei, religi\u00f6sen Bewegung oder einer anderen Interessengruppe.<\/span><\/div><div>\u00a0<\/div><div><span class=\"fs12 cf1\">Unsere Mission ist es der Wahrheit auf einer fairen, ehrlichen und unparteiischen Weise zu dienen. Wir werden dieser Priorit\u00e4t f\u00fcr immer treu bleiben. Wir werden auf diesem heiligen Weg durch unsere Vaterlands-Liebe unseres Nationalhelden Gjergj Kastrioti-Skanderbeg und die Liebe und Humanisierung der weltweiten Mutter Teresa gef\u00fchrt. Wir werden unsere Aktivit\u00e4t mit der Hoffnung fortsetzen, dass sich unserem Weg, den wir begonnen haben, auch andere Leute anschlie\u00dfen werden, die gemeinsam Dinge in die richtige Richtung bewegen m\u00f6chten, um mehr Verst\u00e4ndnis und Harmonie zwischen den Albanern zu schaffen und somit viele neuen Freunde auf der ganzen Welt zu gewinnen, damit die Welt, in der heute und morgen leben, offener, w\u00e4rmer, heller und besser sein kann.<\/span><\/div><div>\u00a0<\/div><div><span class=\"fs12 cf1\">Wenn wir durch den Segen und die Hilfe Gottes und der Menschen die Verwirklichung dieser Vision schaffen, werden wir uns selbst erf\u00fcllt f\u00fchlen.<\/span><\/div><div>\u00a0<\/div><div><span class=\"fs12 cf1\">Der Koordinations-Rat der elektronischen Zeitschrift ,,Die Sonne\u201c.<\/span><\/div><div>\u00a0<\/div><div><span class=\"fs12 cf1\">Wien, August 2015<\/span><\/div>\t\t\t\t\t\t<\/div>\n\t\t\t\t<\/div>\n\t\t\t\t\t<\/div>\n\t\t<\/div>\n\t\t\t\t\t<\/div>\n\t\t<\/section>\n\t\t\t\t\t<\/div>\n\t\t<\/div>\n\t\t\t\t\t<\/div>\n\t\t<\/section>\n\t\t\t\t<section class=\"elementor-section elementor-top-section elementor-element elementor-element-63fe12a elementor-section-boxed elementor-section-height-default elementor-section-height-default\" data-id=\"63fe12a\" data-element_type=\"section\">\n\t\t\t\t\t\t<div class=\"elementor-container elementor-column-gap-default\">\n\t\t\t\t\t<div class=\"elementor-column elementor-col-100 elementor-top-column elementor-element elementor-element-589b09e\" data-id=\"589b09e\" data-element_type=\"column\">\n\t\t\t<div class=\"elementor-widget-wrap elementor-element-populated\">\n\t\t\t\t\t\t<div class=\"elementor-element elementor-element-7c6c308 elementor-widget elementor-widget-heading\" data-id=\"7c6c308\" data-element_type=\"widget\" data-widget_type=\"heading.default\">\n\t\t\t\t<div class=\"elementor-widget-container\">\n\t\t\t<h2 class=\"elementor-heading-title elementor-size-large\">Neueste Ausgabe erschienen<\/h2>\t\t<\/div>\n\t\t\t\t<\/div>\n\t\t\t\t<section class=\"elementor-section elementor-inner-section elementor-element elementor-element-9011ff6 elementor-reverse-mobile elementor-section-boxed elementor-section-height-default elementor-section-height-default\" data-id=\"9011ff6\" data-element_type=\"section\">\n\t\t\t\t\t\t<div class=\"elementor-container elementor-column-gap-wider\">\n\t\t\t\t\t<div class=\"elementor-column elementor-col-50 elementor-inner-column elementor-element elementor-element-40209b5\" data-id=\"40209b5\" data-element_type=\"column\">\n\t\t\t<div class=\"elementor-widget-wrap elementor-element-populated\">\n\t\t\t\t\t\t<div class=\"elementor-element elementor-element-26bf27e elementor-widget elementor-widget-image\" data-id=\"26bf27e\" data-element_type=\"widget\" data-widget_type=\"image.default\">\n\t\t\t\t<div class=\"elementor-widget-container\">\n\t\t\t\t\t\t\t\t\t\t\t\t\t\t<a href=\"https:\/\/dielli-demokristian.at\/de\/wp-content\/uploads\/2021\/05\/Nr.-45.-Zeitschrift-DIE-SONNE-Wien-Juni-2021.pdf\">\n\t\t\t\t\t\t\t<img fetchpriority=\"high\" decoding=\"async\" width=\"580\" height=\"820\" src=\"https:\/\/dielli-demokristian.at\/de\/wp-content\/uploads\/2021\/05\/Die-Sonne-45-724x1024.png\" class=\"attachment-large size-large wp-image-220\" alt=\"\" srcset=\"https:\/\/dielli-demokristian.at\/de\/wp-content\/uploads\/2021\/05\/Die-Sonne-45-724x1024.png 724w, https:\/\/dielli-demokristian.at\/de\/wp-content\/uploads\/2021\/05\/Die-Sonne-45-212x300.png 212w, https:\/\/dielli-demokristian.at\/de\/wp-content\/uploads\/2021\/05\/Die-Sonne-45.png 1654w\" sizes=\"(max-width: 580px) 100vw, 580px\" \/>\t\t\t\t\t\t\t\t<\/a>\n\t\t\t\t\t\t\t\t\t\t\t\t\t<\/div>\n\t\t\t\t<\/div>\n\t\t\t\t\t<\/div>\n\t\t<\/div>\n\t\t\t\t<div class=\"elementor-column elementor-col-50 elementor-inner-column elementor-element elementor-element-20c15e8\" data-id=\"20c15e8\" data-element_type=\"column\">\n\t\t\t<div class=\"elementor-widget-wrap elementor-element-populated\">\n\t\t\t\t\t\t<div class=\"elementor-element elementor-element-d2162ed elementor-widget elementor-widget-heading\" data-id=\"d2162ed\" data-element_type=\"widget\" data-widget_type=\"heading.default\">\n\t\t\t\t<div class=\"elementor-widget-container\">\n\t\t\t<h4 class=\"elementor-heading-title elementor-size-default\">Durchbl\u00e4ttern Sie die neueste Ausgabe des Magazins \"Die Sonne\", indem Sie auf das Titelbild klicken!<\/h4>\t\t<\/div>\n\t\t\t\t<\/div>\n\t\t\t\t\t<\/div>\n\t\t<\/div>\n\t\t\t\t\t<\/div>\n\t\t<\/section>\n\t\t\t\t\t<\/div>\n\t\t<\/div>\n\t\t\t\t\t<\/div>\n\t\t<\/section>\n\t\t\t\t<section class=\"elementor-section elementor-top-section elementor-element elementor-element-9ffdc31 elementor-section-boxed elementor-section-height-default elementor-section-height-default\" data-id=\"9ffdc31\" data-element_type=\"section\" data-settings=\"{&quot;background_background&quot;:&quot;classic&quot;}\">\n\t\t\t\t\t\t<div class=\"elementor-container elementor-column-gap-default\">\n\t\t\t\t\t<div class=\"elementor-column elementor-col-100 elementor-top-column elementor-element elementor-element-bd024e5\" data-id=\"bd024e5\" data-element_type=\"column\">\n\t\t\t<div class=\"elementor-widget-wrap elementor-element-populated\">\n\t\t\t\t\t\t<section class=\"elementor-section elementor-inner-section elementor-element elementor-element-184cb67 elementor-section-boxed elementor-section-height-default elementor-section-height-default\" data-id=\"184cb67\" data-element_type=\"section\">\n\t\t\t\t\t\t<div class=\"elementor-container elementor-column-gap-default\">\n\t\t\t\t\t<div class=\"elementor-column elementor-col-50 elementor-inner-column elementor-element elementor-element-bbbec23\" data-id=\"bbbec23\" data-element_type=\"column\">\n\t\t\t<div class=\"elementor-widget-wrap elementor-element-populated\">\n\t\t\t\t\t\t<div class=\"elementor-element elementor-element-1c3ba7a elementor-widget elementor-widget-image\" data-id=\"1c3ba7a\" data-element_type=\"widget\" data-widget_type=\"image.default\">\n\t\t\t\t<div class=\"elementor-widget-container\">\n\t\t\t\t\t\t\t\t\t\t\t\t\t\t<a href=\"https:\/\/www.facebook.com\/dielli.demokristian\">\n\t\t\t\t\t\t\t<img decoding=\"async\" width=\"300\" height=\"169\" src=\"https:\/\/dielli-demokristian.at\/de\/wp-content\/uploads\/2021\/03\/FB-300x169.jpg\" class=\"attachment-medium size-medium wp-image-211\" alt=\"\" srcset=\"https:\/\/dielli-demokristian.at\/de\/wp-content\/uploads\/2021\/03\/FB-300x169.jpg 300w, https:\/\/dielli-demokristian.at\/de\/wp-content\/uploads\/2021\/03\/FB.jpg 400w\" sizes=\"(max-width: 300px) 100vw, 300px\" \/>\t\t\t\t\t\t\t\t<\/a>\n\t\t\t\t\t\t\t\t\t\t\t\t\t<\/div>\n\t\t\t\t<\/div>\n\t\t\t\t\t<\/div>\n\t\t<\/div>\n\t\t\t\t<div class=\"elementor-column elementor-col-50 elementor-inner-column elementor-element elementor-element-1ab868d\" data-id=\"1ab868d\" data-element_type=\"column\">\n\t\t\t<div class=\"elementor-widget-wrap elementor-element-populated\">\n\t\t\t\t\t\t<div class=\"elementor-element elementor-element-755cf7c premium-header-inline premium-lq__none premium-box-lq__none elementor-widget elementor-widget-premium-addon-dual-header\" data-id=\"755cf7c\" data-element_type=\"widget\" data-widget_type=\"premium-addon-dual-header.default\">\n\t\t\t\t<div class=\"elementor-widget-container\">\n\t\t\t\n\t\t<div class=\"elementor-widget-container\">\n\t\t\t\t\t<h2 class=\"premium-dual-header-first-header \"><span class=\"premium-dual-header-first-span\">Folgen Sie uns auch auf <\/span><span class=\"premium-dual-header-second-header \">Facebook<\/span><\/h2> \t\t\t\t<\/div>\n\n\t\t\t\t<\/div>\n\t\t\t\t<\/div>\n\t\t\t\t\t<\/div>\n\t\t<\/div>\n\t\t\t\t\t<\/div>\n\t\t<\/section>\n\t\t\t\t\t<\/div>\n\t\t<\/div>\n\t\t\t\t\t<\/div>\n\t\t<\/section>\n\t\t\t\t<section class=\"elementor-section elementor-top-section elementor-element elementor-element-085294e elementor-section-boxed elementor-section-height-default elementor-section-height-default\" data-id=\"085294e\" data-element_type=\"section\" data-settings=\"{&quot;background_background&quot;:&quot;classic&quot;,&quot;shape_divider_top&quot;:&quot;arrow&quot;,&quot;shape_divider_bottom&quot;:&quot;zigzag&quot;}\">\n\t\t\t\t\t\t\t<div class=\"elementor-background-overlay\"><\/div>\n\t\t\t\t\t\t<div class=\"elementor-shape elementor-shape-top\" data-negative=\"false\">\n\t\t\t<svg xmlns=\"http:\/\/www.w3.org\/2000\/svg\" viewBox=\"0 0 700 10\" preserveAspectRatio=\"none\">\n\t<path class=\"elementor-shape-fill\" d=\"M350,10L340,0h20L350,10z\"\/>\n<\/svg>\t\t<\/div>\n\t\t\t\t<div class=\"elementor-shape elementor-shape-bottom\" data-negative=\"false\">\n\t\t\t<svg xmlns=\"http:\/\/www.w3.org\/2000\/svg\" viewBox=\"0 0 1800 5.8\" preserveAspectRatio=\"none\">\n  <path class=\"elementor-shape-fill\" d=\"M5.4.4l5.4 5.3L16.5.4l5.4 5.3L27.5.4 33 5.7 38.6.4l5.5 5.4h.1L49.9.4l5.4 5.3L60.9.4l5.5 5.3L72 .4l5.5 5.3L83.1.4l5.4 5.3L94.1.4l5.5 5.4h.2l5.6-5.4 5.5 5.3 5.6-5.3 5.4 5.3 5.6-5.3 5.5 5.3 5.6-5.3 5.5 5.4h.2l5.6-5.4 5.4 5.3L161 .4l5.4 5.3L172 .4l5.5 5.3 5.6-5.3 5.4 5.3 5.7-5.3 5.4 5.4h.2l5.6-5.4 5.5 5.3 5.6-5.3 5.5 5.3 5.6-5.3 5.4 5.3 5.6-5.3 5.5 5.4h.2l5.6-5.4 5.5 5.3L261 .4l5.4 5.3L272 .4l5.5 5.3 5.6-5.3 5.5 5.3 5.6-5.3 5.5 5.4h.1l5.7-5.4 5.4 5.3 5.6-5.3 5.5 5.3 5.6-5.3 5.4 5.3 5.7-5.3 5.4 5.4h.2l5.6-5.4 5.5 5.3L361 .4l5.5 5.3 5.6-5.3 5.4 5.3 5.6-5.3 5.5 5.3 5.6-5.3 5.5 5.4h.1l5.7-5.4 5.4 5.3 5.6-5.3 5.5 5.3 5.6-5.3 5.5 5.3 5.6-5.3 5.5 5.4h.1l5.6-5.4 5.5 5.3L461 .4l5.5 5.3 5.6-5.3 5.4 5.3 5.7-5.3 5.4 5.3 5.6-5.3 5.5 5.4h.2l5.6-5.4 5.5 5.3 5.6-5.3 5.4 5.3 5.6-5.3 5.5 5.3 5.6-5.3 5.5 5.4h.1L550 .4l5.4 5.3L561 .4l5.5 5.3 5.6-5.3 5.5 5.3 5.6-5.3 5.4 5.3 5.6-5.3 5.5 5.4h.2l5.6-5.4 5.5 5.3 5.6-5.3 5.4 5.3 5.7-5.3 5.4 5.3 5.6-5.3 5.5 5.4h.2L650 .4l5.5 5.3 5.6-5.3 5.4 5.3 5.6-5.3 5.5 5.3 5.6-5.3 5.5 5.3 5.6-5.3 5.4 5.4h.2l5.6-5.4 5.5 5.3 5.6-5.3 5.5 5.3 5.6-5.3 5.4 5.3 5.6-5.3 5.5 5.4h.2L750 .4l5.5 5.3 5.6-5.3 5.4 5.3 5.7-5.3 5.4 5.3 5.6-5.3 5.5 5.3 5.6-5.3 5.5 5.4h.1l5.7-5.4 5.4 5.3 5.6-5.3 5.5 5.3 5.6-5.3 5.5 5.3 5.6-5.3 5.4 5.4h.2L850 .4l5.5 5.3 5.6-5.3 5.5 5.3 5.6-5.3 5.4 5.3 5.6-5.3 5.5 5.3 5.6-5.3 5.5 5.4h.2l5.6-5.4 5.4 5.3 5.7-5.3 5.4 5.3 5.6-5.3 5.5 5.3 5.6-5.3 5.5 5.4h.1l5.7-5.4 5.4 5.3 5.6-5.3 5.5 5.3 5.6-5.3 5.5 5.3 5.6-5.3 5.4 5.3 5.6-5.3 5.5 5.4h.2l5.6-5.4 5.5 5.3 5.6-5.3 5.4 5.3 5.6-5.3 5.5 5.3 5.6-5.3 5.5 5.4h.2l5.6-5.4 5.4 5.3 5.7-5.3 5.4 5.3 5.6-5.3 5.5 5.3 5.6-5.3 5.5 5.3 5.6-5.3 5.4 5.4h.2l5.6-5.4 5.5 5.3 5.6-5.3 5.5 5.3 5.6-5.3 5.4 5.3 5.6-5.3 5.5 5.4h.2l5.6-5.4 5.5 5.3 5.6-5.3 5.4 5.3 5.6-5.3 5.5 5.3 5.6-5.3 5.5 5.3 5.6-5.3 5.5 5.4h.1l5.7-5.4 5.4 5.3 5.6-5.3 5.5 5.3 5.6-5.3 5.5 5.3 5.6-5.3 5.4 5.4h.2l5.6-5.4 5.5 5.3 5.6-5.3 5.5 5.3 5.6-5.3 5.4 5.3 5.6-5.3 5.5 5.3 5.6-5.3 5.5 5.4h.2l5.6-5.4 5.4 5.3 5.6-5.3 5.5 5.3 5.6-5.3 5.5 5.3 5.6-5.3 5.5 5.4h.1l5.7-5.4 5.4 5.3 5.6-5.3 5.5 5.3 5.6-5.3 5.5 5.3 5.6-5.3 5.4 5.3 5.6-5.3 5.5 5.4h.2l5.6-5.4 5.5 5.3 5.6-5.3 5.4 5.3 5.6-5.3 5.5 5.3 5.6-5.3 5.5 5.4h.2l5.6-5.4 5.4 5.3 5.6-5.3 5.5 5.3 5.6-5.3 5.5 5.3 5.6-5.3 5.4 5.3 5.7-5.3 5.4 5.4h.2l5.6-5.4 5.5 5.3 5.6-5.3 5.5 5.3 5.6-5.3 5.4 5.3 5.6-5.3 5.5 5.4h.2l5.6-5.4 5.5 5.3 5.6-5.3 5.4 5.3 5.6-5.3 5.5 5.3 5.6-5.3 5.5 5.3 5.6-5.3 5.5 5.4h.1l5.6-5.4 5.5 5.3 5.6-5.3 5.5 5.3 5.6-5.3 5.4 5.3 5.7-5.3 5.4 5.4h.2l5.6-5.4 5.5 5.3 5.6-5.3 5.5 5.3 5.6-5.3 5.4 5.3 5.6-5.3 5.5 5.3 5.6-5.3 5.5 5.4h.1l5.7-5.4 5.4 5.3 5.6-5.3 5.5 5.3 5.6-5.3 5.5 5.3 5.6-5.3 5.5 5.4h.1l5.6-5.4 5.5 5.3 5.6-5.3 5.5 5.3 5.6-5.3 5.4 5.3 5.7-5.3 5.4 5.3 5.6-5.3 5.5 5.4V0H-.2v5.8z\"\/>\n<\/svg>\n\t\t<\/div>\n\t\t\t\t\t<div class=\"elementor-container elementor-column-gap-default\">\n\t\t\t\t\t<div class=\"elementor-column elementor-col-100 elementor-top-column elementor-element elementor-element-c9a64c2\" data-id=\"c9a64c2\" data-element_type=\"column\">\n\t\t\t<div class=\"elementor-widget-wrap elementor-element-populated\">\n\t\t\t\t\t\t<div class=\"elementor-element elementor-element-de73423 elementor-widget elementor-widget-image\" data-id=\"de73423\" data-element_type=\"widget\" data-widget_type=\"image.default\">\n\t\t\t\t<div class=\"elementor-widget-container\">\n\t\t\t\t\t\t\t\t\t\t\t\t\t<img decoding=\"async\" src=\"https:\/\/dielli-demokristian.at\/al\/wp-content\/uploads\/2020\/03\/Logo-dielli_1_tn470j88.png\" title=\"\" alt=\"\" loading=\"lazy\" \/>\t\t\t\t\t\t\t\t\t\t\t\t\t<\/div>\n\t\t\t\t<\/div>\n\t\t\t\t<div class=\"elementor-element elementor-element-2e6acc7 elementor-widget elementor-widget-heading\" data-id=\"2e6acc7\" data-element_type=\"widget\" data-settings=\"{&quot;_animation_mobile&quot;:&quot;none&quot;}\" data-widget_type=\"heading.default\">\n\t\t\t\t<div class=\"elementor-widget-container\">\n\t\t\t<h3 class=\"elementor-heading-title elementor-size-default\">Hochachtungsvoll,<\/h3>\t\t<\/div>\n\t\t\t\t<\/div>\n\t\t\t\t<div class=\"elementor-element elementor-element-b01b4e8 elementor-widget elementor-widget-heading\" data-id=\"b01b4e8\" data-element_type=\"widget\" data-settings=\"{&quot;_animation_mobile&quot;:&quot;none&quot;}\" data-widget_type=\"heading.default\">\n\t\t\t\t<div class=\"elementor-widget-container\">\n\t\t\t<h3 class=\"elementor-heading-title elementor-size-default\">Die Redaktion<\/h3>\t\t<\/div>\n\t\t\t\t<\/div>\n\t\t\t\t<div class=\"elementor-element elementor-element-c96d2ca elementor-widget elementor-widget-heading\" data-id=\"c96d2ca\" data-element_type=\"widget\" data-widget_type=\"heading.default\">\n\t\t\t\t<div class=\"elementor-widget-container\">\n\t\t\t<h1 class=\"elementor-heading-title elementor-size-default\">Danke f\u00fcr Ihren Besuch!<\/h1>\t\t<\/div>\n\t\t\t\t<\/div>\n\t\t\t\t<section class=\"elementor-section elementor-inner-section elementor-element elementor-element-c87f0b6 elementor-section-boxed elementor-section-height-default elementor-section-height-default\" data-id=\"c87f0b6\" data-element_type=\"section\">\n\t\t\t\t\t\t<div class=\"elementor-container elementor-column-gap-default\">\n\t\t\t\t\t<div class=\"elementor-column elementor-col-50 elementor-inner-column elementor-element elementor-element-ae3e2f5\" data-id=\"ae3e2f5\" data-element_type=\"column\">\n\t\t\t<div class=\"elementor-widget-wrap elementor-element-populated\">\n\t\t\t\t\t\t<div class=\"elementor-element elementor-element-17c402e elementor-widget elementor-widget-heading\" data-id=\"17c402e\" data-element_type=\"widget\" data-widget_type=\"heading.default\">\n\t\t\t\t<div class=\"elementor-widget-container\">\n\t\t\t<h1 class=\"elementor-heading-title elementor-size-default\">\u00a9 Die Sonne<\/h1>\t\t<\/div>\n\t\t\t\t<\/div>\n\t\t\t\t<div class=\"elementor-element elementor-element-78e9fd8 elementor-widget elementor-widget-heading\" data-id=\"78e9fd8\" data-element_type=\"widget\" data-widget_type=\"heading.default\">\n\t\t\t\t<div class=\"elementor-widget-container\">\n\t\t\t<h1 class=\"elementor-heading-title elementor-size-default\">ZVR-Zahl: 604548200<\/h1>\t\t<\/div>\n\t\t\t\t<\/div>\n\t\t\t\t<div class=\"elementor-element elementor-element-746d143 elementor-widget elementor-widget-heading\" data-id=\"746d143\" data-element_type=\"widget\" data-widget_type=\"heading.default\">\n\t\t\t\t<div class=\"elementor-widget-container\">\n\t\t\t<h1 class=\"elementor-heading-title elementor-size-default\"><a href=\"mailto:%20diesonne.wien@gmail.com\" target=\"_blank\">E-Mail: diesonne.wien@gmail.com<\/a><\/h1>\t\t<\/div>\n\t\t\t\t<\/div>\n\t\t\t\t\t<\/div>\n\t\t<\/div>\n\t\t\t\t<div class=\"elementor-column elementor-col-50 elementor-inner-column elementor-element elementor-element-cf2ce78\" data-id=\"cf2ce78\" data-element_type=\"column\">\n\t\t\t<div class=\"elementor-widget-wrap elementor-element-populated\">\n\t\t\t\t\t\t<div class=\"elementor-element elementor-element-db412ab elementor-widget elementor-widget-heading\" data-id=\"db412ab\" data-element_type=\"widget\" data-widget_type=\"heading.default\">\n\t\t\t\t<div class=\"elementor-widget-container\">\n\t\t\t<h1 class=\"elementor-heading-title elementor-size-default\">Webmaster: Besim Xhelili<\/h1>\t\t<\/div>\n\t\t\t\t<\/div>\n\t\t\t\t<div class=\"elementor-element elementor-element-297fed7 elementor-widget elementor-widget-heading\" data-id=\"297fed7\" data-element_type=\"widget\" data-widget_type=\"heading.default\">\n\t\t\t\t<div class=\"elementor-widget-container\">\n\t\t\t<h1 class=\"elementor-heading-title elementor-size-default\"><a href=\"mailto:%20besim@live.at\" target=\"_blank\">E-Mail: besim@live.at<\/a><\/h1>\t\t<\/div>\n\t\t\t\t<\/div>\n\t\t\t\t\t<\/div>\n\t\t<\/div>\n\t\t\t\t\t<\/div>\n\t\t<\/section>\n\t\t\t\t\t<\/div>\n\t\t<\/div>\n\t\t\t\t\t<\/div>\n\t\t<\/section>\n\t\t\t\t<\/div>\n\t\t","protected":false},"excerpt":{"rendered":"<p>DIE SONNE Willkommen auf der Website des Informativen Bulletins &#8222;Die Sonne&#8220; aus Wien. F\u00fchlen Sie sich frei, diese Seite zu durchbl\u00e4ttern und wir freuen uns \u00fcber Lob, Kritik, Vorschl\u00e4ge, Ideen oder Kommentare. Die aktuelle Ausgabe unseres Magazins finden Sie unten sowie bei der Rubrik &#8222;Ausgaben&#8220;. Gute Unterhaltung! GEHE ZUR RUBRIK &#8222;AUSGABEN&#8220; Das Redaktions-Wort Liebe LeserInnen,\u00a0\u00a0die [&hellip;]<\/p>\n","protected":false},"author":1,"featured_media":0,"parent":0,"menu_order":10,"comment_status":"closed","ping_status":"closed","template":"elementor_header_footer","meta":[],"_links":{"self":[{"href":"https:\/\/dielli-demokristian.at\/de\/wp-json\/wp\/v2\/pages\/2"}],"collection":[{"href":"https:\/\/dielli-demokristian.at\/de\/wp-json\/wp\/v2\/pages"}],"about":[{"href":"https:\/\/dielli-demokristian.at\/de\/wp-json\/wp\/v2\/types\/page"}],"author":[{"embeddable":true,"href":"https:\/\/dielli-demokristian.at\/de\/wp-json\/wp\/v2\/users\/1"}],"replies":[{"embeddable":true,"href":"https:\/\/dielli-demokristian.at\/de\/wp-json\/wp\/v2\/comments?post=2"}],"version-history":[{"count":37,"href":"https:\/\/dielli-demokristian.at\/de\/wp-json\/wp\/v2\/pages\/2\/revisions"}],"predecessor-version":[{"id":235,"href":"https:\/\/dielli-demokristian.at\/de\/wp-json\/wp\/v2\/pages\/2\/revisions\/235"}],"wp:attachment":[{"href":"https:\/\/dielli-demokristian.at\/de\/wp-json\/wp\/v2\/media?parent=2"}],"curies":[{"name":"wp","href":"https:\/\/api.w.org\/{rel}","templated":true}]}}