{"id":41,"date":"2020-03-08T12:14:47","date_gmt":"2020-03-08T12:14:47","guid":{"rendered":"https:\/\/dielli-demokristian.at\/al\/?page_id=41"},"modified":"2020-03-08T17:11:49","modified_gmt":"2020-03-08T17:11:49","slug":"impresum","status":"publish","type":"page","link":"https:\/\/dielli-demokristian.at\/al\/kontakti\/impresum\/","title":{"rendered":"Impresum"},"content":{"rendered":"\t\t<div data-elementor-type=\"wp-page\" data-elementor-id=\"41\" class=\"elementor elementor-41\">\n\t\t\t\t\t\t<section class=\"elementor-section elementor-top-section elementor-element elementor-element-7045421 elementor-section-boxed elementor-section-height-default elementor-section-height-default\" data-id=\"7045421\" data-element_type=\"section\">\n\t\t\t\t\t\t<div class=\"elementor-container elementor-column-gap-default\">\n\t\t\t\t\t<div class=\"elementor-column elementor-col-100 elementor-top-column elementor-element elementor-element-4ccdb55\" data-id=\"4ccdb55\" data-element_type=\"column\">\n\t\t\t<div class=\"elementor-widget-wrap elementor-element-populated\">\n\t\t\t\t\t\t<div class=\"elementor-element elementor-element-a59fb13 elementor-widget elementor-widget-text-editor\" data-id=\"a59fb13\" data-element_type=\"widget\" data-widget_type=\"text-editor.default\">\n\t\t\t\t<div class=\"elementor-widget-container\">\n\t\t\t\t\t\t\t<div><span class=\"fs12 cf1\">T\u00eb nderuar vizitor\u00eb,<\/span><\/div><div>\u00a0<\/div><div><span class=\"fs12 cf1\">ndjehemi mir\u00eb q\u00eb shfletoni faqen ton\u00eb.<\/span><\/div><div>\u00a0<\/div><div><span class=\"fs12 cf1\">P\u00ebrkund\u00ebr q\u00eb kujdesemi k\u00ebt\u00eb faqe ta pasurojm\u00eb me materiale aktuale, ne nuk mundemi t\u00eb garantojm\u00eb n\u00ebse t\u00eb nj\u00ebjtat jan\u00eb aktuale dhe shprehin sakt\u00ebsin\u00eb e burimit apo intepretimit. Gjithashtu largohemi nga p\u00ebrgjegj\u00ebsia n\u00ebse nga p\u00ebrdorimi i informacioneve dhe t\u00eb dh\u00ebnave nga kjo faqe juve apo dikujt tjet\u00ebr ju ndodh di\u00e7ka e pad\u00ebshirueshme, e d\u00ebmshme apo me pasoja t\u00eb ndryshme.<\/span><\/div><div>\u00a0<\/div><div><span class=\"cf1\"><span class=\"fs12\">Ne kemi t\u00eb drejt\u00ebn q\u00eb k\u00ebt\u00eb faqe ta aktualizojm\u00eb sipas mund\u00ebsis\u00eb, ta heqim nga rrjeti apo ta transferojm\u00eb sipas d\u00ebshir\u00ebs dhe nuk jemi t\u00eb obliguar p\u00ebr k\u00ebt\u00eb askujt t\u2019i japim p\u00ebrgjegj\u00ebsi apo sqarim t\u00eb \u00e7far\u00ebdo lloji.<\/span><br \/><\/span><\/div><div>\u00a0<\/div><div><span class=\"fs12 cf1\">Gjithashtu nuk mbajm\u00eb p\u00ebrgjegj\u00ebsi p\u00ebr lidhjet me faqe apo mediume t\u00eb ndryshme, mbi logot e t\u00eb cilave mundeni t\u00eb shtypni dhe tejkaloni tek faqet e tjera. Nuk kemi mund\u00ebsin\u00eb q\u00eb k\u00ebto faqe apo veg\u00ebza t\u2019i verifikojm\u00eb dhe k\u00ebshtu nuk marrim asnj\u00eb p\u00ebrgjegj\u00ebsi nga ndonj\u00eb d\u00ebmtim i mundsh\u00ebm nga p\u00ebrdorimi i t\u00eb nj\u00ebjtave.<\/span><\/div><div>\u00a0<\/div><div><span class=\"fs12 cf1\">P\u00ebrgjegj\u00ebs p\u00ebr tekstet n\u00eb numrat e botuar t\u00eb revist\u00ebs son\u00eb si ato elektronike poashtu edhe ato t\u00eb shtypura t\u00eb letr\u00ebs jan\u00eb vet\u00eb autor\u00ebt e shkrimeve.<\/span><\/div><div>\u00a0<\/div><div><span class=\"fs12 cf1\">Logoja e revist\u00ebs \u00ebsht\u00eb e mbrojtur me autor\u00ebsi.<\/span><\/div><div>\u00a0<\/div><div><span class=\"fs12 cf1\">Ju fal\u00ebnderojm\u00eb p\u00ebr vizit\u00ebn dhe v\u00ebmendjen tuaj.<\/span><\/div><div>\u00a0<\/div><div><span class=\"fs12 cf1\">M\u00eb nderime,<\/span><\/div><div><span class=\"fs12 cf1\">Kryesia<\/span><\/div><div>\u00a0<\/div>\t\t\t\t\t\t<\/div>\n\t\t\t\t<\/div>\n\t\t\t\t\t<\/div>\n\t\t<\/div>\n\t\t\t\t\t<\/div>\n\t\t<\/section>\n\t\t\t\t<\/div>\n\t\t","protected":false},"excerpt":{"rendered":"<p>T\u00eb nderuar vizitor\u00eb,&nbsp;ndjehemi mir\u00eb q\u00eb shfletoni faqen ton\u00eb.&nbsp;P\u00ebrkund\u00ebr q\u00eb kujdesemi k\u00ebt\u00eb faqe ta pasurojm\u00eb me materiale aktuale, ne nuk mundemi t\u00eb garantojm\u00eb n\u00ebse t\u00eb nj\u00ebjtat jan\u00eb aktuale dhe shprehin sakt\u00ebsin\u00eb e burimit apo intepretimit. Gjithashtu largohemi nga p\u00ebrgjegj\u00ebsia n\u00ebse nga p\u00ebrdorimi i informacioneve dhe t\u00eb dh\u00ebnave nga kjo faqe juve apo dikujt tjet\u00ebr ju ndodh [&hellip;]<\/p>\n","protected":false},"author":1,"featured_media":0,"parent":37,"menu_order":0,"comment_status":"closed","ping_status":"closed","template":"elementor_header_footer","meta":[],"_links":{"self":[{"href":"https:\/\/dielli-demokristian.at\/al\/wp-json\/wp\/v2\/pages\/41"}],"collection":[{"href":"https:\/\/dielli-demokristian.at\/al\/wp-json\/wp\/v2\/pages"}],"about":[{"href":"https:\/\/dielli-demokristian.at\/al\/wp-json\/wp\/v2\/types\/page"}],"author":[{"embeddable":true,"href":"https:\/\/dielli-demokristian.at\/al\/wp-json\/wp\/v2\/users\/1"}],"replies":[{"embeddable":true,"href":"https:\/\/dielli-demokristian.at\/al\/wp-json\/wp\/v2\/comments?post=41"}],"version-history":[{"count":4,"href":"https:\/\/dielli-demokristian.at\/al\/wp-json\/wp\/v2\/pages\/41\/revisions"}],"predecessor-version":[{"id":163,"href":"https:\/\/dielli-demokristian.at\/al\/wp-json\/wp\/v2\/pages\/41\/revisions\/163"}],"up":[{"embeddable":true,"href":"https:\/\/dielli-demokristian.at\/al\/wp-json\/wp\/v2\/pages\/37"}],"wp:attachment":[{"href":"https:\/\/dielli-demokristian.at\/al\/wp-json\/wp\/v2\/media?parent=41"}],"curies":[{"name":"wp","href":"https:\/\/api.w.org\/{rel}","templated":true}]}}